{"id":395,"date":"2021-04-17T11:36:04","date_gmt":"2021-04-17T09:36:04","guid":{"rendered":"http:\/\/atelierportretu.pl\/?page_id=395"},"modified":"2026-04-18T13:34:34","modified_gmt":"2026-04-18T11:34:34","slug":"cennik","status":"publish","type":"page","link":"https:\/\/atelierportretu.pl\/?page_id=395","title":{"rendered":"Cennik"},"content":{"rendered":"\n<p>Koszt wynaj\u0119cia studia to <strong>90z\u0142\/h<\/strong> (wynajem na sesje fotograficzne min.2h)<\/p>\n\n\n\n<p>Zapraszamy do rezerwacji pod nr tel. 796089366!!!  <\/p>\n\n\n\n<p>Celem pe\u0142nej rezerwacji prosimy przelanie zadatku warto\u015bci jednej godziny lub ca\u0142o\u015bci na nr. konta<\/p>\n\n\n\n<p><\/p>\n\n\n\n<p>OPTIMUM     08 1140 2004 0000 3102 7815 0095 <\/p>\n","protected":false},"excerpt":{"rendered":"<p>Koszt wynaj\u0119cia studia to 90z\u0142\/h (wynajem na sesje fotograficzne min.2h) Zapraszamy do rezerwacji pod nr tel. 796089366!!! Celem pe\u0142nej rezerwacji prosimy przelanie zadatku warto\u015bci jednej godziny lub ca\u0142o\u015bci na nr. konta OPTIMUM 08 1140 2004 0000 3102 7815 0095<\/p>\n","protected":false},"author":1,"featured_media":0,"parent":0,"menu_order":0,"comment_status":"closed","ping_status":"closed","template":"","meta":{"footnotes":""},"class_list":["post-395","page","type-page","status-publish"],"_links":{"self":[{"href":"https:\/\/atelierportretu.pl\/index.php?rest_route=\/wp\/v2\/pages\/395","targetHints":{"allow":["GET"]}}],"collection":[{"href":"https:\/\/atelierportretu.pl\/index.php?rest_route=\/wp\/v2\/pages"}],"about":[{"href":"https:\/\/atelierportretu.pl\/index.php?rest_route=\/wp\/v2\/types\/page"}],"author":[{"embeddable":true,"href":"https:\/\/atelierportretu.pl\/index.php?rest_route=\/wp\/v2\/users\/1"}],"replies":[{"embeddable":true,"href":"https:\/\/atelierportretu.pl\/index.php?rest_route=%2Fwp%2Fv2%2Fcomments&post=395"}],"version-history":[{"count":18,"href":"https:\/\/atelierportretu.pl\/index.php?rest_route=\/wp\/v2\/pages\/395\/revisions"}],"predecessor-version":[{"id":680,"href":"https:\/\/atelierportretu.pl\/index.php?rest_route=\/wp\/v2\/pages\/395\/revisions\/680"}],"wp:attachment":[{"href":"https:\/\/atelierportretu.pl\/index.php?rest_route=%2Fwp%2Fv2%2Fmedia&parent=395"}],"curies":[{"name":"wp","href":"https:\/\/api.w.org\/{rel}","templated":true}]}}